{"id":95,"date":"2025-03-22T11:43:03","date_gmt":"2025-03-22T10:43:03","guid":{"rendered":"https:\/\/arc-en-crea.fr\/?page_id=95"},"modified":"2025-03-27T23:15:32","modified_gmt":"2025-03-27T22:15:32","slug":"mentions-legales","status":"publish","type":"page","link":"https:\/\/arc-en-crea.fr\/index.php\/mentions-legales\/","title":{"rendered":"Mentions l\u00e9gales"},"content":{"rendered":"\n<h4 class=\"wp-block-heading\">\u00c9diteur du site<\/h4>\n\n\n\n<p>Le site web Bakery Bliss Caf\u00e9 est \u00e9dit\u00e9 par :<br>Bakery Bliss Caf\u00e9<br>13 Rue du Port-Vieux<br>64200 Biarritz<br>France<br><br>T\u00e9l\u00e9phone : 05 65 82 01 77<br>SIRET : 54896205600054<\/p>\n\n\n\n<h4 class=\"wp-block-heading\">Cr\u00e9ation du site<\/h4>\n\n\n\n<p>Le site a \u00e9t\u00e9 con\u00e7u et d\u00e9velopp\u00e9 par Nad\u00e8ge Lardenois.<\/p>\n\n\n\n<h4 class=\"wp-block-heading\">H\u00e9bergement<\/h4>\n\n\n\n<p>Le site est h\u00e9berg\u00e9 par :<br>OVH<br>2 rue Kellermann<br>59100 Roubaix<br>France<br>T\u00e9l\u00e9phone : 1007<br>Site web : https:\/\/www.ovh.com<\/p>\n\n\n\n<h4 class=\"wp-block-heading\">Propri\u00e9t\u00e9 intellectuelle<\/h4>\n\n\n\n<p>L\u2019ensemble des contenus pr\u00e9sents sur le site (textes, images, graphismes, logo, vid\u00e9os, etc.) sont prot\u00e9g\u00e9s par le droit d\u2019auteur et la propri\u00e9t\u00e9 intellectuelle. Toute reproduction, distribution ou modification sans l\u2019accord pr\u00e9alable de Bakery Bliss Caf\u00e9 est interdite.<\/p>\n\n\n\n<h4 class=\"wp-block-heading\">Donn\u00e9es personnelles<\/h4>\n\n\n\n<p>Le site peut collecter certaines donn\u00e9es personnelles via des formulaires de contact ou d\u2019inscription. Ces informations sont utilis\u00e9es uniquement dans le cadre de la relation avec Bakery Bliss Caf\u00e9 et ne sont pas revendues \u00e0 des tiers. Conform\u00e9ment au R\u00e8glement G\u00e9n\u00e9ral sur la Protection des Donn\u00e9es (RGPD), vous pouvez exercer votre droit d\u2019acc\u00e8s, de rectification ou de suppression en nous contactant \u00e0 [adresse e-mail].<\/p>\n\n\n\n<h4 class=\"wp-block-heading\">Cookies<\/h4>\n\n\n\n<p>Le site utilise des cookies pour am\u00e9liorer l\u2019exp\u00e9rience utilisateur. Vous pouvez g\u00e9rer vos pr\u00e9f\u00e9rences en mati\u00e8re de cookies via les param\u00e8tres de votre navigateur.<\/p>\n\n\n\n<h4 class=\"wp-block-heading\">Responsabilit\u00e9<\/h4>\n\n\n\n<p>Bakery Bliss Caf\u00e9 met tout en \u0153uvre pour assurer l\u2019exactitude des informations pr\u00e9sentes sur son site. Cependant, nous ne saurions \u00eatre tenus responsables en cas d\u2019erreur ou d\u2019omission dans les contenus publi\u00e9s.<\/p>\n\n\n\n<p><\/p>\n","protected":false},"excerpt":{"rendered":"<p>\u00c9diteur du site Le site web Bakery Bliss Caf\u00e9 est \u00e9dit\u00e9 par :Bakery Bliss Caf\u00e913 Rue du Port-Vieux64200 BiarritzFrance T\u00e9l\u00e9phone [&hellip;]<\/p>\n","protected":false},"author":1,"featured_media":0,"parent":0,"menu_order":0,"comment_status":"closed","ping_status":"closed","template":"","meta":{"_uag_custom_page_level_css":"","site-sidebar-layout":"default","site-content-layout":"","ast-site-content-layout":"","site-content-style":"default","site-sidebar-style":"default","ast-global-header-display":"","ast-banner-title-visibility":"","ast-main-header-display":"","ast-hfb-above-header-display":"","ast-hfb-below-header-display":"","ast-hfb-mobile-header-display":"","site-post-title":"","ast-breadcrumbs-content":"","ast-featured-img":"","footer-sml-layout":"","theme-transparent-header-meta":"","adv-header-id-meta":"","stick-header-meta":"","header-above-stick-meta":"","header-main-stick-meta":"","header-below-stick-meta":"","astra-migrate-meta-layouts":"default","ast-page-background-enabled":"default","ast-page-background-meta":{"desktop":{"background-color":"var(--ast-global-color-4)","background-image":"","background-repeat":"repeat","background-position":"center center","background-size":"auto","background-attachment":"scroll","background-type":"","background-media":"","overlay-type":"","overlay-color":"","overlay-opacity":"","overlay-gradient":""},"tablet":{"background-color":"","background-image":"","background-repeat":"repeat","background-position":"center center","background-size":"auto","background-attachment":"scroll","background-type":"","background-media":"","overlay-type":"","overlay-color":"","overlay-opacity":"","overlay-gradient":""},"mobile":{"background-color":"","background-image":"","background-repeat":"repeat","background-position":"center center","background-size":"auto","background-attachment":"scroll","background-type":"","background-media":"","overlay-type":"","overlay-color":"","overlay-opacity":"","overlay-gradient":""}},"ast-content-background-meta":{"desktop":{"background-color":"var(--ast-global-color-5)","background-image":"","background-repeat":"repeat","background-position":"center center","background-size":"auto","background-attachment":"scroll","background-type":"","background-media":"","overlay-type":"","overlay-color":"","overlay-opacity":"","overlay-gradient":""},"tablet":{"background-color":"var(--ast-global-color-5)","background-image":"","background-repeat":"repeat","background-position":"center center","background-size":"auto","background-attachment":"scroll","background-type":"","background-media":"","overlay-type":"","overlay-color":"","overlay-opacity":"","overlay-gradient":""},"mobile":{"background-color":"var(--ast-global-color-5)","background-image":"","background-repeat":"repeat","background-position":"center center","background-size":"auto","background-attachment":"scroll","background-type":"","background-media":"","overlay-type":"","overlay-color":"","overlay-opacity":"","overlay-gradient":""}},"footnotes":""},"class_list":["post-95","page","type-page","status-publish","hentry"],"uagb_featured_image_src":{"full":false,"thumbnail":false,"medium":false,"medium_large":false,"large":false,"1536x1536":false,"2048x2048":false},"uagb_author_info":{"display_name":"admin9081","author_link":"https:\/\/arc-en-crea.fr\/index.php\/author\/admin9081\/"},"uagb_comment_info":0,"uagb_excerpt":"\u00c9diteur du site Le site web Bakery Bliss Caf\u00e9 est \u00e9dit\u00e9 par :Bakery Bliss Caf\u00e913 Rue du Port-Vieux64200 BiarritzFrance T\u00e9l\u00e9phone [&hellip;]","_links":{"self":[{"href":"https:\/\/arc-en-crea.fr\/index.php\/wp-json\/wp\/v2\/pages\/95","targetHints":{"allow":["GET"]}}],"collection":[{"href":"https:\/\/arc-en-crea.fr\/index.php\/wp-json\/wp\/v2\/pages"}],"about":[{"href":"https:\/\/arc-en-crea.fr\/index.php\/wp-json\/wp\/v2\/types\/page"}],"author":[{"embeddable":true,"href":"https:\/\/arc-en-crea.fr\/index.php\/wp-json\/wp\/v2\/users\/1"}],"replies":[{"embeddable":true,"href":"https:\/\/arc-en-crea.fr\/index.php\/wp-json\/wp\/v2\/comments?post=95"}],"version-history":[{"count":3,"href":"https:\/\/arc-en-crea.fr\/index.php\/wp-json\/wp\/v2\/pages\/95\/revisions"}],"predecessor-version":[{"id":414,"href":"https:\/\/arc-en-crea.fr\/index.php\/wp-json\/wp\/v2\/pages\/95\/revisions\/414"}],"wp:attachment":[{"href":"https:\/\/arc-en-crea.fr\/index.php\/wp-json\/wp\/v2\/media?parent=95"}],"curies":[{"name":"wp","href":"https:\/\/api.w.org\/{rel}","templated":true}]}}