{"id":91,"date":"2025-03-22T11:42:36","date_gmt":"2025-03-22T10:42:36","guid":{"rendered":"https:\/\/arc-en-crea.fr\/?page_id=91"},"modified":"2025-04-10T18:08:08","modified_gmt":"2025-04-10T16:08:08","slug":"nos-ingredients","status":"publish","type":"page","link":"https:\/\/arc-en-crea.fr\/index.php\/nos-ingredients\/","title":{"rendered":"Nos ingr\u00e9dients"},"content":{"rendered":"\n<figure class=\"wp-block-image size-full is-resized\"><img loading=\"lazy\" decoding=\"async\" width=\"2560\" height=\"1707\" src=\"https:\/\/arc-en-crea.fr\/wp-content\/uploads\/2025\/03\/hands-holding-coffee-beans1-scaled.jpg\" alt=\"\" class=\"wp-image-357\" style=\"object-fit:cover;width:1200px;height:300px\" srcset=\"https:\/\/arc-en-crea.fr\/wp-content\/uploads\/2025\/03\/hands-holding-coffee-beans1-scaled.jpg 2560w, https:\/\/arc-en-crea.fr\/wp-content\/uploads\/2025\/03\/hands-holding-coffee-beans1-300x200.jpg 300w, https:\/\/arc-en-crea.fr\/wp-content\/uploads\/2025\/03\/hands-holding-coffee-beans1-1024x683.jpg 1024w, https:\/\/arc-en-crea.fr\/wp-content\/uploads\/2025\/03\/hands-holding-coffee-beans1-768x512.jpg 768w, https:\/\/arc-en-crea.fr\/wp-content\/uploads\/2025\/03\/hands-holding-coffee-beans1-1536x1024.jpg 1536w, https:\/\/arc-en-crea.fr\/wp-content\/uploads\/2025\/03\/hands-holding-coffee-beans1-2048x1366.jpg 2048w\" sizes=\"auto, (max-width: 2560px) 100vw, 2560px\" \/><\/figure>\n\n\n\n<div class=\"wp-block-uagb-container uagb-block-0b518ca8 alignfull uagb-is-root-container\"><div class=\"uagb-container-inner-blocks-wrap\">\n<div class=\"wp-block-uagb-container uagb-block-8be308ca\"><\/div>\n\n\n\n<div class=\"wp-block-uagb-container uagb-block-6a37bb55\">\n<h3 class=\"wp-block-heading has-text-align-left has-ast-global-color-0-color has-text-color has-link-color wp-elements-65be515a255d33815e0ac1639d86ab59\" style=\"border-style:none;border-width:0px;border-radius:0px;margin-top:0px;margin-bottom:0px;padding-top:0px;padding-bottom:0px;font-size:28px\">Nos ingr\u00e9dients<\/h3>\n\n\n\n<p class=\"has-text-align-left has-ast-global-color-6-color has-text-color has-link-color has-small-font-size wp-elements-5435b329bb8474c8186139150f0ce12e\" style=\"margin-top:0;margin-right:0;margin-bottom:0;margin-left:0;padding-top:0px;padding-right:0rem;padding-bottom:0px;padding-left:0rem\">Chez Bakery Bliss Caf\u00e9, nous mettons un point d&rsquo;honneur \u00e0 s\u00e9lectionner des ingr\u00e9dients frais, de qualit\u00e9 et de saison, pour vous offrir des recettes savoureuses et gourmandes.<\/p>\n<\/div>\n\n\n\n<div class=\"wp-block-uagb-container uagb-block-99c59f36\"><\/div>\n<\/div><\/div>\n\n\n\n<div class=\"wp-block-uagb-container uagb-block-c4a2e0d3 alignfull uagb-is-root-container\"><div class=\"uagb-container-inner-blocks-wrap\">\n<div class=\"wp-block-uagb-container uagb-block-9337f025\">\n<h2 class=\"wp-block-heading\" style=\"margin-top:0;margin-bottom:0;padding-top:0;padding-bottom:0\">Une carte \u00e9volutive<\/h2>\n\n\n\n<p style=\"margin-top:0px;margin-bottom:0px;padding-top:0;padding-bottom:0\">Pour garantir fra\u00eecheur et authenticit\u00e9, notre menu change au fil des saisons. Cela nous permet de travailler avec des producteurs locaux et d\u2019adapter nos recettes en fonction des r\u00e9coltes.<\/p>\n<\/div>\n\n\n\n<div class=\"wp-block-uagb-container uagb-block-e6880bb9\">\n<h2 class=\"wp-block-heading\" style=\"margin-top:0;margin-bottom:0;padding-top:0;padding-bottom:0\">Quoi et quand ?<\/h2>\n\n\n\n<p style=\"margin-top:0;margin-bottom:0;padding-top:0;padding-bottom:0\">D\u00e9couvrez quels produits sont disponibles chaque saison sur notre datavisualisation ci-dessous.<\/p>\n<\/div>\n<\/div><\/div>\n\n\n\n<div class=\"wp-block-uagb-container uagb-block-9677b0e7 alignfull uagb-is-root-container\"><div class=\"uagb-container-inner-blocks-wrap\">\n<div class=\"wp-block-uagb-container uagb-block-4c8a3452\">\n<h2 class=\"wp-block-heading has-text-align-center has-ast-global-color-0-color has-text-color has-link-color wp-elements-bba9a3ad7cc24e9e2b4a17d240b4b605\" style=\"margin-top:0;margin-bottom:0;padding-top:0;padding-bottom:0\">Notre engagement ?<\/h2>\n<\/div>\n\n\n\n<div class=\"wp-block-uagb-container uagb-block-d62d980f\">\n<p class=\"has-ast-global-color-6-color has-text-color has-link-color wp-elements-6b687691130d8b6e42eda3ec49d90731\" style=\"margin-top:0;margin-bottom:0;padding-top:0;padding-right:10rem;padding-bottom:0;padding-left:0\">Vous proposer des produits de qualit\u00e9, alliant plaisir, gourmandise et respect des saisons.<\/p>\n<\/div>\n<\/div><\/div>\n\n\n\n<figure class=\"wp-block-image aligncenter size-full is-resized\"><img loading=\"lazy\" decoding=\"async\" width=\"900\" height=\"1893\" src=\"https:\/\/arc-en-crea.fr\/wp-content\/uploads\/2025\/04\/Dataviz-800.webp\" alt=\"\" class=\"wp-image-495\" style=\"width:800px\" srcset=\"https:\/\/arc-en-crea.fr\/wp-content\/uploads\/2025\/04\/Dataviz-800.webp 900w, https:\/\/arc-en-crea.fr\/wp-content\/uploads\/2025\/04\/Dataviz-800-143x300.webp 143w, https:\/\/arc-en-crea.fr\/wp-content\/uploads\/2025\/04\/Dataviz-800-487x1024.webp 487w, https:\/\/arc-en-crea.fr\/wp-content\/uploads\/2025\/04\/Dataviz-800-768x1615.webp 768w, https:\/\/arc-en-crea.fr\/wp-content\/uploads\/2025\/04\/Dataviz-800-730x1536.webp 730w\" sizes=\"auto, (max-width: 900px) 100vw, 900px\" \/><\/figure>\n\n\n\n<h1 class=\"wp-block-heading has-text-align-center\">Venez d\u00e9couvrir des saveurs uniques&#8230;<\/h1>\n\n\n\n<p><\/p>\n","protected":false},"excerpt":{"rendered":"<p>Nos ingr\u00e9dients Chez Bakery Bliss Caf\u00e9, nous mettons un point d&rsquo;honneur \u00e0 s\u00e9lectionner des ingr\u00e9dients frais, de qualit\u00e9 et de [&hellip;]<\/p>\n","protected":false},"author":1,"featured_media":0,"parent":0,"menu_order":0,"comment_status":"closed","ping_status":"closed","template":"","meta":{"_uag_custom_page_level_css":"","site-sidebar-layout":"default","site-content-layout":"","ast-site-content-layout":"","site-content-style":"default","site-sidebar-style":"default","ast-global-header-display":"","ast-banner-title-visibility":"","ast-main-header-display":"","ast-hfb-above-header-display":"","ast-hfb-below-header-display":"","ast-hfb-mobile-header-display":"","site-post-title":"disabled","ast-breadcrumbs-content":"","ast-featured-img":"","footer-sml-layout":"","theme-transparent-header-meta":"","adv-header-id-meta":"","stick-header-meta":"","header-above-stick-meta":"","header-main-stick-meta":"","header-below-stick-meta":"","astra-migrate-meta-layouts":"default","ast-page-background-enabled":"default","ast-page-background-meta":{"desktop":{"background-color":"var(--ast-global-color-4)","background-image":"","background-repeat":"repeat","background-position":"center center","background-size":"auto","background-attachment":"scroll","background-type":"","background-media":"","overlay-type":"","overlay-color":"","overlay-opacity":"","overlay-gradient":""},"tablet":{"background-color":"","background-image":"","background-repeat":"repeat","background-position":"center center","background-size":"auto","background-attachment":"scroll","background-type":"","background-media":"","overlay-type":"","overlay-color":"","overlay-opacity":"","overlay-gradient":""},"mobile":{"background-color":"","background-image":"","background-repeat":"repeat","background-position":"center center","background-size":"auto","background-attachment":"scroll","background-type":"","background-media":"","overlay-type":"","overlay-color":"","overlay-opacity":"","overlay-gradient":""}},"ast-content-background-meta":{"desktop":{"background-color":"var(--ast-global-color-5)","background-image":"","background-repeat":"repeat","background-position":"center center","background-size":"auto","background-attachment":"scroll","background-type":"","background-media":"","overlay-type":"","overlay-color":"","overlay-opacity":"","overlay-gradient":""},"tablet":{"background-color":"var(--ast-global-color-5)","background-image":"","background-repeat":"repeat","background-position":"center center","background-size":"auto","background-attachment":"scroll","background-type":"","background-media":"","overlay-type":"","overlay-color":"","overlay-opacity":"","overlay-gradient":""},"mobile":{"background-color":"var(--ast-global-color-5)","background-image":"","background-repeat":"repeat","background-position":"center center","background-size":"auto","background-attachment":"scroll","background-type":"","background-media":"","overlay-type":"","overlay-color":"","overlay-opacity":"","overlay-gradient":""}},"footnotes":""},"class_list":["post-91","page","type-page","status-publish","hentry"],"uagb_featured_image_src":{"full":false,"thumbnail":false,"medium":false,"medium_large":false,"large":false,"1536x1536":false,"2048x2048":false},"uagb_author_info":{"display_name":"admin9081","author_link":"https:\/\/arc-en-crea.fr\/index.php\/author\/admin9081\/"},"uagb_comment_info":0,"uagb_excerpt":"Nos ingr\u00e9dients Chez Bakery Bliss Caf\u00e9, nous mettons un point d&rsquo;honneur \u00e0 s\u00e9lectionner des ingr\u00e9dients frais, de qualit\u00e9 et de [&hellip;]","_links":{"self":[{"href":"https:\/\/arc-en-crea.fr\/index.php\/wp-json\/wp\/v2\/pages\/91","targetHints":{"allow":["GET"]}}],"collection":[{"href":"https:\/\/arc-en-crea.fr\/index.php\/wp-json\/wp\/v2\/pages"}],"about":[{"href":"https:\/\/arc-en-crea.fr\/index.php\/wp-json\/wp\/v2\/types\/page"}],"author":[{"embeddable":true,"href":"https:\/\/arc-en-crea.fr\/index.php\/wp-json\/wp\/v2\/users\/1"}],"replies":[{"embeddable":true,"href":"https:\/\/arc-en-crea.fr\/index.php\/wp-json\/wp\/v2\/comments?post=91"}],"version-history":[{"count":27,"href":"https:\/\/arc-en-crea.fr\/index.php\/wp-json\/wp\/v2\/pages\/91\/revisions"}],"predecessor-version":[{"id":498,"href":"https:\/\/arc-en-crea.fr\/index.php\/wp-json\/wp\/v2\/pages\/91\/revisions\/498"}],"wp:attachment":[{"href":"https:\/\/arc-en-crea.fr\/index.php\/wp-json\/wp\/v2\/media?parent=91"}],"curies":[{"name":"wp","href":"https:\/\/api.w.org\/{rel}","templated":true}]}}