{"id":89,"date":"2025-03-22T11:42:21","date_gmt":"2025-03-22T10:42:21","guid":{"rendered":"https:\/\/arc-en-crea.fr\/?page_id=89"},"modified":"2025-03-27T22:06:02","modified_gmt":"2025-03-27T21:06:02","slug":"notre-carte","status":"publish","type":"page","link":"https:\/\/arc-en-crea.fr\/index.php\/notre-carte\/","title":{"rendered":"Notre Carte"},"content":{"rendered":"\n<figure class=\"wp-block-image aligncenter size-full is-resized is-style-default\" style=\"margin-top:0px;margin-right:0;margin-bottom:0px;margin-left:0\"><img loading=\"lazy\" decoding=\"async\" width=\"2560\" height=\"1710\" src=\"https:\/\/arc-en-crea.fr\/wp-content\/uploads\/2025\/03\/Donuts-scaled.webp\" alt=\"\" class=\"wp-image-289\" style=\"object-fit:cover;width:1200px;height:350px\" srcset=\"https:\/\/arc-en-crea.fr\/wp-content\/uploads\/2025\/03\/Donuts-scaled.webp 2560w, https:\/\/arc-en-crea.fr\/wp-content\/uploads\/2025\/03\/Donuts-300x200.webp 300w, https:\/\/arc-en-crea.fr\/wp-content\/uploads\/2025\/03\/Donuts-1024x684.webp 1024w, https:\/\/arc-en-crea.fr\/wp-content\/uploads\/2025\/03\/Donuts-768x513.webp 768w, https:\/\/arc-en-crea.fr\/wp-content\/uploads\/2025\/03\/Donuts-1536x1026.webp 1536w, https:\/\/arc-en-crea.fr\/wp-content\/uploads\/2025\/03\/Donuts-2048x1368.webp 2048w\" sizes=\"auto, (max-width: 2560px) 100vw, 2560px\" \/><\/figure>\n\n\n\n<div class=\"wp-block-group is-layout-constrained wp-container-core-group-is-layout-dfa671d0 wp-block-group-is-layout-constrained has-background\" style=\"min-height:0px;margin-top:0;margin-bottom:0;padding-top:var(--wp--preset--spacing--50);padding-bottom:var(--wp--preset--spacing--80);background-image:url(&apos;https:\/\/arc-en-crea.fr\/wp-content\/uploads\/2025\/03\/Element-Jaune-1.png&apos;);background-position:50% 100%;background-size:cover;\">\n<h2 class=\"wp-block-heading has-text-align-center\">Nos donuts maison<\/h2>\n\n\n\n<div class=\"wp-block-uagb-container uagb-block-5f8da46c alignfull uagb-is-root-container\"><div class=\"uagb-container-inner-blocks-wrap\">\n<div class=\"wp-block-uagb-container uagb-block-1cca1e77 alignfull uagb-is-root-container\"><div class=\"uagb-container-inner-blocks-wrap\">\n<p class=\"has-text-align-center\">Tous nos donuts sont faits maison avec des produits locaux et de saison.<\/p>\n<\/div><\/div>\n<\/div><\/div>\n<\/div>\n\n\n\n<div class=\"wp-block-group is-layout-grid wp-container-core-group-is-layout-cddf0487 wp-block-group-is-layout-grid\" style=\"margin-top:var(--wp--preset--spacing--50);margin-bottom:var(--wp--preset--spacing--50);padding-top:10px;padding-bottom:10px\">\n<div class=\"wp-block-group is-content-justification-left is-layout-constrained wp-container-core-group-is-layout-c4d06299 wp-block-group-is-layout-constrained\">\n<h4 class=\"wp-block-heading\">Chocolat<\/h4>\n\n\n\n<p class=\"has-small-font-size\">Un donut garni d\u2019une cr\u00e8me au chocolat noir napp\u00e9 de chocolat fondant pour un go\u00fbt riche et authentique.<\/p>\n\n\n\n<p class=\"has-text-align-right\" style=\"font-size:18px\"><strong>3,50\u20ac<\/strong><\/p>\n<\/div>\n\n\n\n<div class=\"wp-block-group is-content-justification-right is-layout-constrained wp-container-core-group-is-layout-b56c975b wp-block-group-is-layout-constrained\">\n<h4 class=\"wp-block-heading\">Ketchup de g\u00e2teau basque<\/h4>\n\n\n\n<p class=\"has-small-font-size\">Un donut gourmand revisit\u00e9 aux saveurs du g\u00e2teau basque traditionnel, garni d\u2019une cr\u00e8me p\u00e2tissi\u00e8re \u00e0 la vanille et de cerises noires.<\/p>\n\n\n\n<p class=\"has-text-align-right\" style=\"font-size:18px\">4<strong>,50\u20ac<\/strong><\/p>\n<\/div>\n\n\n\n<div class=\"wp-block-group is-layout-constrained wp-block-group-is-layout-constrained\">\n<h4 class=\"wp-block-heading\">Sagarno<\/h4>\n\n\n\n<p class=\"has-small-font-size\">Un donut moelleux \u00e0 la p\u00e2te parfum\u00e9e au Sagarno (cidre basque), recouvert de sucre et d\u2019une touche de cannelle, pour une saveur typique de la r\u00e9gion.<\/p>\n\n\n\n<p class=\"has-text-align-right\" style=\"font-size:18px\"><strong>3,50\u20ac<\/strong><\/p>\n<\/div>\n\n\n\n<div class=\"wp-block-group is-layout-constrained wp-block-group-is-layout-constrained\">\n<h4 class=\"wp-block-heading\">Piment d&rsquo;espelette<\/h4>\n\n\n\n<p class=\"has-small-font-size\">Un donut l\u00e9g\u00e8rement \u00e9pic\u00e9 au piment d&rsquo;Espelette, rev\u00eatu d\u2019un gla\u00e7age doux au chocolat blanc pour une touche sucr\u00e9e et \u00e9pic\u00e9e in\u00e9dite.<\/p>\n\n\n\n<p class=\"has-text-align-right\" style=\"font-size:18px\">4<strong>,50\u20ac<\/strong><\/p>\n<\/div>\n<\/div>\n\n\n\n<figure class=\"wp-block-image size-full is-resized\" style=\"margin-top:0px;margin-bottom:0px\"><img loading=\"lazy\" decoding=\"async\" width=\"2560\" height=\"1710\" src=\"https:\/\/arc-en-crea.fr\/wp-content\/uploads\/2025\/03\/boissons-chaudes-scaled.webp\" alt=\"\" class=\"wp-image-333\" style=\"object-fit:cover;width:1200px;height:350px\" srcset=\"https:\/\/arc-en-crea.fr\/wp-content\/uploads\/2025\/03\/boissons-chaudes-scaled.webp 2560w, https:\/\/arc-en-crea.fr\/wp-content\/uploads\/2025\/03\/boissons-chaudes-300x200.webp 300w, https:\/\/arc-en-crea.fr\/wp-content\/uploads\/2025\/03\/boissons-chaudes-1024x684.webp 1024w, https:\/\/arc-en-crea.fr\/wp-content\/uploads\/2025\/03\/boissons-chaudes-768x513.webp 768w, https:\/\/arc-en-crea.fr\/wp-content\/uploads\/2025\/03\/boissons-chaudes-1536x1026.webp 1536w, https:\/\/arc-en-crea.fr\/wp-content\/uploads\/2025\/03\/boissons-chaudes-2048x1368.webp 2048w\" sizes=\"auto, (max-width: 2560px) 100vw, 2560px\" \/><\/figure>\n\n\n\n<div class=\"wp-block-group is-layout-constrained wp-container-core-group-is-layout-1fb15a5c wp-block-group-is-layout-constrained has-background\" style=\"min-height:0px;margin-top:0px;margin-bottom:0px;padding-top:var(--wp--preset--spacing--50);padding-bottom:var(--wp--preset--spacing--80);background-image:url(&apos;https:\/\/arc-en-crea.fr\/wp-content\/uploads\/2025\/03\/Element-Marron-1.png&apos;);background-position:50% 100%;background-size:cover;\">\n<h2 class=\"wp-block-heading has-text-align-center has-ast-global-color-0-color has-text-color has-link-color wp-elements-9dd1b1796dba0642a706bfa3965d0be6\">Nos boissons chaudes<\/h2>\n\n\n\n<div class=\"wp-block-uagb-container uagb-block-d4093e0b alignfull uagb-is-root-container\"><div class=\"uagb-container-inner-blocks-wrap\">\n<div class=\"wp-block-uagb-container uagb-block-be2135a6 alignfull uagb-is-root-container\"><div class=\"uagb-container-inner-blocks-wrap\">\n<p class=\"has-text-align-center has-ast-global-color-0-color has-text-color has-link-color wp-elements-57014362c34cf4419378b16f93198cbe\">Nos caf\u00e9s et boissons chaudes sont pr\u00e9par\u00e9s avec soin \u00e0 partir de produits locaux.<\/p>\n<\/div><\/div>\n<\/div><\/div>\n<\/div>\n\n\n\n<div class=\"wp-block-group is-layout-grid wp-container-core-group-is-layout-cddf0487 wp-block-group-is-layout-grid\" style=\"margin-top:var(--wp--preset--spacing--50);margin-bottom:var(--wp--preset--spacing--50);padding-top:10px;padding-bottom:10px\">\n<div class=\"wp-block-group is-content-justification-left is-layout-constrained wp-container-core-group-is-layout-c4d06299 wp-block-group-is-layout-constrained\">\n<h4 class=\"wp-block-heading\">Expresso<\/h4>\n\n\n\n<p class=\"has-small-font-size\">Un expresso cors\u00e9, inspir\u00e9 des traditions locales, pour une pause caf\u00e9 authentique.<\/p>\n\n\n\n<p class=\"has-text-align-right\" style=\"font-size:18px\">2,0<strong>0\u20ac<\/strong><\/p>\n<\/div>\n\n\n\n<div class=\"wp-block-group is-content-justification-right is-layout-constrained wp-container-core-group-is-layout-b56c975b wp-block-group-is-layout-constrained\">\n<h4 class=\"wp-block-heading\">Caf\u00e9 au lait \u00e0 la cr\u00e8me de<br>lait d\u2019Ossau-Iraty<\/h4>\n\n\n\n<p class=\"has-small-font-size\">Un caf\u00e9 cr\u00e9meux accompagn\u00e9 d\u2019une touche de cr\u00e8me de lait d\u2019Ossau-Iraty, fromage laitier embl\u00e9matique du Pays Basque, pour une exp\u00e9rience douce et originale.<\/p>\n\n\n\n<p class=\"has-text-align-right\" style=\"font-size:18px\">3<strong>,50\u20ac<\/strong><\/p>\n<\/div>\n\n\n\n<div class=\"wp-block-group is-layout-constrained wp-block-group-is-layout-constrained\">\n<h4 class=\"wp-block-heading\">Caf\u00e9 noisette de ch\u00e2taigne<\/h4>\n\n\n\n<p class=\"has-small-font-size\">Un espresso d\u00e9licatement aromatis\u00e9 \u00e0 la noisette et la ch\u00e2taigne, fruits typiques du Pays Basque, pour un go\u00fbt l\u00e9g\u00e8rement torr\u00e9fi\u00e9.<\/p>\n\n\n\n<p class=\"has-text-align-right\" style=\"font-size:18px\">2<strong>,50\u20ac<\/strong><\/p>\n<\/div>\n\n\n\n<div class=\"wp-block-group is-layout-constrained wp-block-group-is-layout-constrained\">\n<h4 class=\"wp-block-heading\">Chocolat chaud \u00e0 la vanille de Madagascar<\/h4>\n\n\n\n<p class=\"has-small-font-size\">Un chocolat chaud fait maison, parfum\u00e9 \u00e0 la vanille de Madagascar pour une touche de douceur \u00e9pic\u00e9e.<\/p>\n\n\n\n<p class=\"has-text-align-right\" style=\"font-size:18px\">3<strong>,50\u20ac<\/strong><\/p>\n<\/div>\n<\/div>\n\n\n\n<figure class=\"wp-block-image size-full is-resized\" style=\"margin-top:0px;margin-bottom:0px\"><img loading=\"lazy\" decoding=\"async\" width=\"1563\" height=\"1044\" src=\"https:\/\/arc-en-crea.fr\/wp-content\/uploads\/2025\/03\/FRIEND1.jpg\" alt=\"\" class=\"wp-image-343\" style=\"object-fit:cover;width:1200px;height:350px\" srcset=\"https:\/\/arc-en-crea.fr\/wp-content\/uploads\/2025\/03\/FRIEND1.jpg 1563w, https:\/\/arc-en-crea.fr\/wp-content\/uploads\/2025\/03\/FRIEND1-300x200.jpg 300w, https:\/\/arc-en-crea.fr\/wp-content\/uploads\/2025\/03\/FRIEND1-1024x684.jpg 1024w, https:\/\/arc-en-crea.fr\/wp-content\/uploads\/2025\/03\/FRIEND1-768x513.jpg 768w, https:\/\/arc-en-crea.fr\/wp-content\/uploads\/2025\/03\/FRIEND1-1536x1026.jpg 1536w\" sizes=\"auto, (max-width: 1563px) 100vw, 1563px\" \/><\/figure>\n\n\n\n<div class=\"wp-block-group is-layout-constrained wp-container-core-group-is-layout-1fb15a5c wp-block-group-is-layout-constrained has-background\" style=\"min-height:0px;margin-top:0px;margin-bottom:0px;padding-top:var(--wp--preset--spacing--50);padding-bottom:var(--wp--preset--spacing--80);background-image:url(&apos;https:\/\/arc-en-crea.fr\/wp-content\/uploads\/2025\/03\/Element-Rouge.png&apos;);background-position:50% 100%;background-size:cover;\">\n<h2 class=\"wp-block-heading has-text-align-center has-ast-global-color-6-color has-text-color has-link-color wp-elements-0280c25307ae3b24aef85a846ecc383b\">Nos smoothies de saison<\/h2>\n\n\n\n<div class=\"wp-block-uagb-container uagb-block-ee31edef alignfull uagb-is-root-container\"><div class=\"uagb-container-inner-blocks-wrap\">\n<div class=\"wp-block-uagb-container uagb-block-8e27b7b1 alignfull uagb-is-root-container\"><div class=\"uagb-container-inner-blocks-wrap\">\n<p class=\"has-text-align-center has-ast-global-color-6-color has-text-color has-link-color wp-elements-397e472eb465f3a809a2ad21fdb352e8\">Nos smoothies sont pr\u00e9par\u00e9s avec des fruits et l\u00e9gumes frais de la r\u00e9gion basque, pour un v\u00e9ritable concentr\u00e9 de bien-\u00eatre.<\/p>\n<\/div><\/div>\n<\/div><\/div>\n<\/div>\n\n\n\n<div class=\"wp-block-group is-layout-grid wp-container-core-group-is-layout-cddf0487 wp-block-group-is-layout-grid\" style=\"margin-top:var(--wp--preset--spacing--50);margin-bottom:var(--wp--preset--spacing--50);padding-top:10px;padding-bottom:10px\">\n<div class=\"wp-block-group is-content-justification-left is-layout-constrained wp-container-core-group-is-layout-c4d06299 wp-block-group-is-layout-constrained\">\n<h4 class=\"wp-block-heading\">Printemps<\/h4>\n\n\n\n<p class=\"has-small-font-size\">Un smoothie cr\u00e9meux \u00e0 base de fraises des bois fra\u00eeches et de fromage blanc de brebis local pour une boisson gourmande et sucr\u00e9e.<\/p>\n\n\n\n<p class=\"has-text-align-right\" style=\"font-size:18px\">4,0<strong>0\u20ac<\/strong><\/p>\n<\/div>\n\n\n\n<div class=\"wp-block-group is-content-justification-right is-layout-constrained wp-container-core-group-is-layout-b56c975b wp-block-group-is-layout-constrained\">\n<h4 class=\"wp-block-heading\">\u00c9t\u00e9<\/h4>\n\n\n\n<p class=\"has-small-font-size\">Un smoothie doux et sucr\u00e9 qui combine la p\u00eache de la r\u00e9gion et le kirsch basque pour une saveur fruit\u00e9e (sans alcool).<\/p>\n\n\n\n<p class=\"has-text-align-right\" style=\"font-size:18px\">3<strong>,50\u20ac<\/strong><\/p>\n<\/div>\n\n\n\n<div class=\"wp-block-group is-layout-constrained wp-block-group-is-layout-constrained\">\n<h4 class=\"wp-block-heading\">Automne<\/h4>\n\n\n\n<p class=\"has-small-font-size\">Un smoothie vitamin\u00e9 \u00e0 base de pomme cueillie dans la vall\u00e9e d\u2019Aspe et de kiwi pour une explosion de saveurs et d\u2019\u00e9nergie.<\/p>\n\n\n\n<p class=\"has-text-align-right\" style=\"font-size:18px\">4<strong>,00\u20ac<\/strong><\/p>\n<\/div>\n\n\n\n<div class=\"wp-block-group is-layout-constrained wp-block-group-is-layout-constrained\">\n<h4 class=\"wp-block-heading\">Hiver<\/h4>\n\n\n\n<p class=\"has-small-font-size\">Un smoothie sain et purifiant \u00e0 base d&rsquo;\u00e9pinards locaux, d&rsquo;orange et de citron, pour une touche de fra\u00eecheur revitalisante.<\/p>\n\n\n\n<p class=\"has-text-align-right\" style=\"font-size:18px\">4<strong>,50\u20ac<\/strong><\/p>\n<\/div>\n<\/div>\n\n\n\n<div class=\"wp-block-uagb-container uagb-block-66c7f9ae alignfull uagb-is-root-container\"><div class=\"uagb-container-inner-blocks-wrap\"><\/div><\/div>\n\n\n\n<div class=\"wp-block-uagb-container uagb-block-0b518ca8 alignfull uagb-is-root-container\"><div class=\"uagb-container-inner-blocks-wrap\">\n<div class=\"wp-block-uagb-container uagb-block-8be308ca\"><\/div>\n\n\n\n<div class=\"wp-block-uagb-container uagb-block-6a37bb55\">\n<p class=\"has-text-align-center has-small-font-size\" style=\"padding-top:0;padding-right:2.39rem;padding-bottom:0;padding-left:2.39rem\"><strong>Tous nos produits sont faits maison<\/strong> avec des ingr\u00e9dients frais et locaux, principalement issus du Pays Basque, afin de garantir la meilleure qualit\u00e9 et authenticit\u00e9.<\/p>\n<\/div>\n\n\n\n<div class=\"wp-block-uagb-container uagb-block-99c59f36\"><\/div>\n<\/div><\/div>\n\n\n\n<div class=\"wp-block-uagb-container uagb-block-23295659 alignfull uagb-is-root-container\"><div class=\"uagb-container-inner-blocks-wrap\"><\/div><\/div>\n\n\n\n<p><\/p>\n","protected":false},"excerpt":{"rendered":"<p>Nos donuts maison Tous nos donuts sont faits maison avec des produits locaux et de saison. Chocolat Un donut garni [&hellip;]<\/p>\n","protected":false},"author":1,"featured_media":0,"parent":0,"menu_order":0,"comment_status":"closed","ping_status":"closed","template":"","meta":{"_uag_custom_page_level_css":"","site-sidebar-layout":"default","site-content-layout":"","ast-site-content-layout":"","site-content-style":"default","site-sidebar-style":"default","ast-global-header-display":"","ast-banner-title-visibility":"","ast-main-header-display":"","ast-hfb-above-header-display":"","ast-hfb-below-header-display":"","ast-hfb-mobile-header-display":"","site-post-title":"disabled","ast-breadcrumbs-content":"","ast-featured-img":"","footer-sml-layout":"","theme-transparent-header-meta":"","adv-header-id-meta":"","stick-header-meta":"","header-above-stick-meta":"","header-main-stick-meta":"","header-below-stick-meta":"","astra-migrate-meta-layouts":"default","ast-page-background-enabled":"default","ast-page-background-meta":{"desktop":{"background-color":"var(--ast-global-color-4)","background-image":"","background-repeat":"repeat","background-position":"center center","background-size":"auto","background-attachment":"scroll","background-type":"","background-media":"","overlay-type":"","overlay-color":"","overlay-opacity":"","overlay-gradient":""},"tablet":{"background-color":"","background-image":"","background-repeat":"repeat","background-position":"center center","background-size":"auto","background-attachment":"scroll","background-type":"","background-media":"","overlay-type":"","overlay-color":"","overlay-opacity":"","overlay-gradient":""},"mobile":{"background-color":"","background-image":"","background-repeat":"repeat","background-position":"center center","background-size":"auto","background-attachment":"scroll","background-type":"","background-media":"","overlay-type":"","overlay-color":"","overlay-opacity":"","overlay-gradient":""}},"ast-content-background-meta":{"desktop":{"background-color":"var(--ast-global-color-5)","background-image":"","background-repeat":"repeat","background-position":"center center","background-size":"auto","background-attachment":"scroll","background-type":"","background-media":"","overlay-type":"","overlay-color":"","overlay-opacity":"","overlay-gradient":""},"tablet":{"background-color":"var(--ast-global-color-5)","background-image":"","background-repeat":"repeat","background-position":"center center","background-size":"auto","background-attachment":"scroll","background-type":"","background-media":"","overlay-type":"","overlay-color":"","overlay-opacity":"","overlay-gradient":""},"mobile":{"background-color":"var(--ast-global-color-5)","background-image":"","background-repeat":"repeat","background-position":"center center","background-size":"auto","background-attachment":"scroll","background-type":"","background-media":"","overlay-type":"","overlay-color":"","overlay-opacity":"","overlay-gradient":""}},"footnotes":""},"class_list":["post-89","page","type-page","status-publish","hentry"],"uagb_featured_image_src":{"full":false,"thumbnail":false,"medium":false,"medium_large":false,"large":false,"1536x1536":false,"2048x2048":false},"uagb_author_info":{"display_name":"admin9081","author_link":"https:\/\/arc-en-crea.fr\/index.php\/author\/admin9081\/"},"uagb_comment_info":0,"uagb_excerpt":"Nos donuts maison Tous nos donuts sont faits maison avec des produits locaux et de saison. Chocolat Un donut garni [&hellip;]","_links":{"self":[{"href":"https:\/\/arc-en-crea.fr\/index.php\/wp-json\/wp\/v2\/pages\/89","targetHints":{"allow":["GET"]}}],"collection":[{"href":"https:\/\/arc-en-crea.fr\/index.php\/wp-json\/wp\/v2\/pages"}],"about":[{"href":"https:\/\/arc-en-crea.fr\/index.php\/wp-json\/wp\/v2\/types\/page"}],"author":[{"embeddable":true,"href":"https:\/\/arc-en-crea.fr\/index.php\/wp-json\/wp\/v2\/users\/1"}],"replies":[{"embeddable":true,"href":"https:\/\/arc-en-crea.fr\/index.php\/wp-json\/wp\/v2\/comments?post=89"}],"version-history":[{"count":35,"href":"https:\/\/arc-en-crea.fr\/index.php\/wp-json\/wp\/v2\/pages\/89\/revisions"}],"predecessor-version":[{"id":369,"href":"https:\/\/arc-en-crea.fr\/index.php\/wp-json\/wp\/v2\/pages\/89\/revisions\/369"}],"wp:attachment":[{"href":"https:\/\/arc-en-crea.fr\/index.php\/wp-json\/wp\/v2\/media?parent=89"}],"curies":[{"name":"wp","href":"https:\/\/api.w.org\/{rel}","templated":true}]}}