{"id":87,"date":"2025-03-22T11:35:31","date_gmt":"2025-03-22T10:35:31","guid":{"rendered":"https:\/\/arc-en-crea.fr\/?page_id=87"},"modified":"2025-04-06T16:22:59","modified_gmt":"2025-04-06T14:22:59","slug":"a-propos","status":"publish","type":"page","link":"https:\/\/arc-en-crea.fr\/index.php\/a-propos\/","title":{"rendered":"\u00c0 propos"},"content":{"rendered":"\n<h2 class=\"wp-block-heading\">   <\/h2>\n\n\n\n<figure style=\"margin:0;padding:0;\" class=\"wp-block-table\"><table style=\"background-color:#FBBA00; border-style:none;border-width:0px;\">\n<tbody>\n<tr>\n<td class=\"has-text-align-center\" data-align=\"center\" style=\"width:50%;\">\n<h1>Sophie<\/h1>\n<\/td>\n<td class=\"has-text-align-center\" data-align=\"center\" style=\"width:50%;\">\n<h1>L\u00e9a<\/h1>\n<\/td>\n<\/tr>\n<tr>\n<td class=\"has-text-align-center\" data-align=\"center\">\n<img decoding=\"async\" src=\"https:\/\/arc-en-crea.fr\/wp-content\/uploads\/2025\/04\/Sophie.webp\" alt=\"Portrait de Sophie, fondatrice de Bakery Bliss Caf\u00e9.\" style=\"object-fit: cover;\">\n<\/td>\n<td class=\"has-text-align-center\" data-align=\"center\">\n<img decoding=\"async\" src=\"https:\/\/arc-en-crea.fr\/wp-content\/uploads\/2025\/04\/Lea.webp\" alt=\"Portrait de L\u00e9a, fondatrice de Bakery Bliss Caf\u00e9.\" style=\"object-fit: cover;\">\n<\/td>\n<\/tr>\n<tr style=\"background-image: url(https:\/\/arc-en-crea.fr\/wp-content\/uploads\/2025\/03\/motif-jaune.webp); background-size:100%; background-position:bottom; height:105px;\">\n<td class=\"has-text-align-center\" >\n<\/td>\n<td class=\"has-text-align-center\">\n<\/td><\/tr><\/tbody><\/table><\/figure>\n\n\n\n<div style=\"background-image:url(&apos;https:\/\/arc-en-crea.fr\/wp-content\/uploads\/2025\/03\/background-1.png&apos;);background-position:50% 50%;background-repeat:no-repeat;background-size:contain;background-attachment:scroll;\" class=\"wp-block-group uag-hide-tab uag-hide-mob is-content-justification-center is-nowrap is-layout-flex wp-container-core-group-is-layout-0fadc68c wp-block-group-is-layout-flex has-background\">\n<div class=\"wp-block-group background-size: 40%; background-repeat: no-repeat; background-position: left top; has-small-font-size is-content-justification-left is-layout-constrained wp-container-core-group-is-layout-12dd3699 wp-block-group-is-layout-constrained\">\n<h2 class=\"wp-block-heading has-text-align-right\">\u00c0 propos de nous<\/h2>\n\n\n\n<p class=\"has-text-align-right has-small-font-size\">Nous sommes L\u00e9a Alvarez et Sophie Dubois, deux amies originaires du Pays Basque, passionn\u00e9es par notre culture et nos traditions.<br><br>Nous avons imagin\u00e9 un espace chaleureux, \u00e0 mi-chemin entre les coffee shops et les bakery am\u00e9ricaines, tout en y int\u00e9grant l\u2019authenticit\u00e9 et l\u2019\u00e2me du Pays Basque.<br><br><strong>Notre sp\u00e9cialit\u00e9 ? Les donuts faits maison !<\/strong><\/p>\n<\/div>\n\n\n\n<div class=\"wp-block-group is-layout-constrained wp-block-group-is-layout-constrained\">\n<p class=\"has-small-font-size\">Parce que <strong>la qualit\u00e9 et la fra\u00eecheur des ingr\u00e9dients sont essentielles<\/strong> pour nous, nous adapterons notre carte au fil des saisons, en privil\u00e9giant des <strong>produits fran\u00e7ais et locaux<\/strong> autant que possible.Plus qu\u2019un caf\u00e9, Bakery Bliss Caf\u00e9, c\u2019est une exp\u00e9rience : un lieu accueillant et confortable, parfait pour une pause d\u00e9tente, une discussion entre amis ou m\u00eame une session de travail en toute s\u00e9r\u00e9nit\u00e9.<\/p>\n\n\n\n<p class=\"has-small-font-size\">Plus qu\u2019un caf\u00e9, Bakery Bliss Caf\u00e9, c\u2019est une exp\u00e9rience : un lieu accueillant et confortable, parfait pour une pause d\u00e9tente, une discussion entre amis ou m\u00eame une session de travail en toute s\u00e9r\u00e9nit\u00e9.<\/p>\n\n\n\n<p class=\"has-small-font-size\">Nous avons h\u00e2te de vous y retrouver et de partager cette aventure avec vous !<\/p>\n<\/div>\n<\/div>\n\n\n\n<div style=\"background-image:url(&apos;https:\/\/arc-en-crea.fr\/wp-content\/uploads\/2025\/03\/background-1-1.png&apos;);background-position:0% 0%;background-size:cover;\" class=\"wp-block-group background-size: 40%; background-repeat: no-repeat; background-position: left top; has-small-font-size uag-hide-desktop is-content-justification-left is-layout-constrained wp-container-core-group-is-layout-12dd3699 wp-block-group-is-layout-constrained has-background\">\n<h3 class=\"wp-block-heading has-text-align-right\">\u00c0 propos de nous<\/h3>\n\n\n\n<p class=\"has-text-align-right has-small-font-size\">Nous sommes L\u00e9a Alvarez et Sophie Dubois, deux amies originaires du Pays Basque, passionn\u00e9es par notre culture et nos traditions.<br><br>Nous avons imagin\u00e9 un espace chaleureux, \u00e0 mi-chemin entre les coffee shops et les bakery am\u00e9ricaines, tout en y int\u00e9grant l\u2019authenticit\u00e9 et l\u2019\u00e2me du Pays Basque.<br><br><strong>Notre sp\u00e9cialit\u00e9 ? Les donuts faits maison !<\/strong><\/p>\n<\/div>\n\n\n\n<div style=\"background-image:url(&apos;https:\/\/arc-en-crea.fr\/wp-content\/uploads\/2025\/03\/background-2.png&apos;);background-position:100% 100%;background-size:cover;background-attachment:scroll;\" class=\"wp-block-group uag-hide-desktop is-layout-constrained wp-block-group-is-layout-constrained has-background\">\n<p class=\"has-small-font-size\">Parce que <strong>la qualit\u00e9 et la fra\u00eecheur des ingr\u00e9dients sont essentielles<\/strong> pour nous, nous adapterons notre carte au fil des saisons, en privil\u00e9giant des <strong>produits fran\u00e7ais et locaux<\/strong> autant que possible.Plus qu\u2019un caf\u00e9, Bakery Bliss Caf\u00e9, c\u2019est une exp\u00e9rience : un lieu accueillant et confortable, parfait pour une pause d\u00e9tente, une discussion entre amis ou m\u00eame une session de travail en toute s\u00e9r\u00e9nit\u00e9.<\/p>\n\n\n\n<p class=\"has-small-font-size\">Plus qu\u2019un caf\u00e9, Bakery Bliss Caf\u00e9, c\u2019est une exp\u00e9rience : un lieu accueillant et confortable, parfait pour une pause d\u00e9tente, une discussion entre amis ou m\u00eame une session de travail en toute s\u00e9r\u00e9nit\u00e9.<\/p>\n\n\n\n<p class=\"has-small-font-size\">Nous avons h\u00e2te de vous y retrouver et de partager cette aventure avec vous !<\/p>\n<\/div>\n","protected":false},"excerpt":{"rendered":"<p>Sophie L\u00e9a \u00c0 propos de nous Nous sommes L\u00e9a Alvarez et Sophie Dubois, deux amies originaires du Pays Basque, passionn\u00e9es [&hellip;]<\/p>\n","protected":false},"author":1,"featured_media":0,"parent":0,"menu_order":0,"comment_status":"closed","ping_status":"closed","template":"","meta":{"_uag_custom_page_level_css":"","site-sidebar-layout":"default","site-content-layout":"","ast-site-content-layout":"","site-content-style":"default","site-sidebar-style":"default","ast-global-header-display":"","ast-banner-title-visibility":"","ast-main-header-display":"","ast-hfb-above-header-display":"","ast-hfb-below-header-display":"","ast-hfb-mobile-header-display":"","site-post-title":"disabled","ast-breadcrumbs-content":"","ast-featured-img":"","footer-sml-layout":"","theme-transparent-header-meta":"","adv-header-id-meta":"","stick-header-meta":"","header-above-stick-meta":"","header-main-stick-meta":"","header-below-stick-meta":"","astra-migrate-meta-layouts":"default","ast-page-background-enabled":"default","ast-page-background-meta":{"desktop":{"background-color":"var(--ast-global-color-4)","background-image":"","background-repeat":"repeat","background-position":"center center","background-size":"auto","background-attachment":"scroll","background-type":"","background-media":"","overlay-type":"","overlay-color":"","overlay-opacity":"","overlay-gradient":""},"tablet":{"background-color":"","background-image":"","background-repeat":"repeat","background-position":"center center","background-size":"auto","background-attachment":"scroll","background-type":"","background-media":"","overlay-type":"","overlay-color":"","overlay-opacity":"","overlay-gradient":""},"mobile":{"background-color":"","background-image":"","background-repeat":"repeat","background-position":"center center","background-size":"auto","background-attachment":"scroll","background-type":"","background-media":"","overlay-type":"","overlay-color":"","overlay-opacity":"","overlay-gradient":""}},"ast-content-background-meta":{"desktop":{"background-color":"var(--ast-global-color-5)","background-image":"","background-repeat":"repeat","background-position":"center center","background-size":"auto","background-attachment":"scroll","background-type":"","background-media":"","overlay-type":"","overlay-color":"","overlay-opacity":"","overlay-gradient":""},"tablet":{"background-color":"var(--ast-global-color-5)","background-image":"","background-repeat":"repeat","background-position":"center center","background-size":"auto","background-attachment":"scroll","background-type":"","background-media":"","overlay-type":"","overlay-color":"","overlay-opacity":"","overlay-gradient":""},"mobile":{"background-color":"var(--ast-global-color-5)","background-image":"","background-repeat":"repeat","background-position":"center center","background-size":"auto","background-attachment":"scroll","background-type":"","background-media":"","overlay-type":"","overlay-color":"","overlay-opacity":"","overlay-gradient":""}},"footnotes":""},"class_list":["post-87","page","type-page","status-publish","hentry"],"uagb_featured_image_src":{"full":false,"thumbnail":false,"medium":false,"medium_large":false,"large":false,"1536x1536":false,"2048x2048":false},"uagb_author_info":{"display_name":"admin9081","author_link":"https:\/\/arc-en-crea.fr\/index.php\/author\/admin9081\/"},"uagb_comment_info":0,"uagb_excerpt":"Sophie L\u00e9a \u00c0 propos de nous Nous sommes L\u00e9a Alvarez et Sophie Dubois, deux amies originaires du Pays Basque, passionn\u00e9es [&hellip;]","_links":{"self":[{"href":"https:\/\/arc-en-crea.fr\/index.php\/wp-json\/wp\/v2\/pages\/87","targetHints":{"allow":["GET"]}}],"collection":[{"href":"https:\/\/arc-en-crea.fr\/index.php\/wp-json\/wp\/v2\/pages"}],"about":[{"href":"https:\/\/arc-en-crea.fr\/index.php\/wp-json\/wp\/v2\/types\/page"}],"author":[{"embeddable":true,"href":"https:\/\/arc-en-crea.fr\/index.php\/wp-json\/wp\/v2\/users\/1"}],"replies":[{"embeddable":true,"href":"https:\/\/arc-en-crea.fr\/index.php\/wp-json\/wp\/v2\/comments?post=87"}],"version-history":[{"count":110,"href":"https:\/\/arc-en-crea.fr\/index.php\/wp-json\/wp\/v2\/pages\/87\/revisions"}],"predecessor-version":[{"id":488,"href":"https:\/\/arc-en-crea.fr\/index.php\/wp-json\/wp\/v2\/pages\/87\/revisions\/488"}],"wp:attachment":[{"href":"https:\/\/arc-en-crea.fr\/index.php\/wp-json\/wp\/v2\/media?parent=87"}],"curies":[{"name":"wp","href":"https:\/\/api.w.org\/{rel}","templated":true}]}}